{"id":97,"date":"2023-07-10T20:03:01","date_gmt":"2023-07-10T20:03:01","guid":{"rendered":"https:\/\/cantopv.com\/?page_id=97"},"modified":"2026-04-02T11:51:08","modified_gmt":"2026-04-02T17:51:08","slug":"about","status":"publish","type":"page","link":"https:\/\/cantopv.com\/es\/about\/","title":{"rendered":"Acerca"},"content":{"rendered":"<div data-elementor-type=\"wp-page\" data-elementor-id=\"97\" class=\"elementor elementor-97\" data-elementor-post-type=\"page\">\n\t\t\t\t\t\t<section data-particle_enable=\"false\" data-particle-mobile-disabled=\"false\" class=\"elementor-section elementor-top-section elementor-element elementor-element-6fb75f8a elementor-section-height-min-height elementor-section-content-middle elementor-section-items-stretch elementor-section-boxed elementor-section-height-default\" data-id=\"6fb75f8a\" data-element_type=\"section\" data-settings=\"{&quot;background_background&quot;:&quot;classic&quot;,&quot;background_motion_fx_motion_fx_scrolling&quot;:&quot;yes&quot;,&quot;background_motion_fx_translateY_effect&quot;:&quot;yes&quot;,&quot;background_motion_fx_devices&quot;:[&quot;desktop&quot;],&quot;background_motion_fx_range&quot;:&quot;page&quot;,&quot;background_motion_fx_translateY_speed&quot;:{&quot;unit&quot;:&quot;px&quot;,&quot;size&quot;:4,&quot;sizes&quot;:[]},&quot;background_motion_fx_translateY_affectedRange&quot;:{&quot;unit&quot;:&quot;%&quot;,&quot;size&quot;:&quot;&quot;,&quot;sizes&quot;:{&quot;start&quot;:0,&quot;end&quot;:100}}}\">\n\t\t\t\t\t\t<div class=\"elementor-container elementor-column-gap-default\">\n\t\t\t\t\t<div class=\"elementor-column elementor-col-50 elementor-top-column elementor-element elementor-element-64425c29\" data-id=\"64425c29\" data-element_type=\"column\" data-settings=\"{&quot;background_background&quot;:&quot;classic&quot;}\">\n\t\t\t<div class=\"elementor-widget-wrap elementor-element-populated\">\n\t\t\t\t\t\t<div class=\"elementor-element elementor-element-4a65ab15 elementor-widget elementor-widget-spacer\" data-id=\"4a65ab15\" data-element_type=\"widget\" data-widget_type=\"spacer.default\">\n\t\t\t\t<div class=\"elementor-widget-container\">\n\t\t\t\t\t\t\t<div class=\"elementor-spacer\">\n\t\t\t<div class=\"elementor-spacer-inner\"><\/div>\n\t\t<\/div>\n\t\t\t\t\t\t<\/div>\n\t\t\t\t<\/div>\n\t\t\t\t\t<\/div>\n\t\t<\/div>\n\t\t\t\t<div class=\"elementor-column elementor-col-50 elementor-top-column elementor-element elementor-element-79331a3\" data-id=\"79331a3\" data-element_type=\"column\">\n\t\t\t<div class=\"elementor-widget-wrap elementor-element-populated\">\n\t\t\t\t\t\t<div class=\"elementor-element elementor-element-7a5d213b elementor-widget elementor-widget-heading\" data-id=\"7a5d213b\" data-element_type=\"widget\" data-widget_type=\"heading.default\">\n\t\t\t\t<div class=\"elementor-widget-container\">\n\t\t\t\t\t<h2 class=\"elementor-heading-title elementor-size-default\">DE HONG KONG A PUERTO VALLARTA<\/h2>\t\t\t\t<\/div>\n\t\t\t\t<\/div>\n\t\t\t\t<div class=\"elementor-element elementor-element-5e88509 elementor-widget-divider--view-line elementor-widget elementor-widget-divider\" data-id=\"5e88509\" data-element_type=\"widget\" data-widget_type=\"divider.default\">\n\t\t\t\t<div class=\"elementor-widget-container\">\n\t\t\t\t\t\t\t<div class=\"elementor-divider\">\n\t\t\t<span class=\"elementor-divider-separator\">\n\t\t\t\t\t\t<\/span>\n\t\t<\/div>\n\t\t\t\t\t\t<\/div>\n\t\t\t\t<\/div>\n\t\t\t\t<div class=\"elementor-element elementor-element-2be4e2c1 elementor-widget elementor-widget-text-editor\" data-id=\"2be4e2c1\" data-element_type=\"widget\" data-widget_type=\"text-editor.default\">\n\t\t\t\t<div class=\"elementor-widget-container\">\n\t\t\t\t\t\t\t\t\t<p>Canto es un restaurante galardonado en Puerto Vallarta que celebra la cocina cantonesa y de Hong Kong, creado por Henry Ho y Jeremy Reigel.<\/p><p class=\"translation-block\">Canto, abreviatura de canton\u00e9s y que tambi\u00e9n significa <i>canto<\/i> en espa\u00f1ol, tiene como objetivo traer algo \u00fanico y diferente a Puerto Vallarta. Ofreciendo una selecci\u00f3n de dim sum, platos favoritos estadounidenses y canadienses para llevar y platos ic\u00f3nicos de los caf\u00e9s de Hong Kong conocidos como <i>cha chaan teng<\/i>, Canto promete llevar a los comensales a un viaje al Lejano Oriente sin salir del para\u00edso.<\/p>\t\t\t\t\t\t\t\t<\/div>\n\t\t\t\t<\/div>\n\t\t\t\t\t<\/div>\n\t\t<\/div>\n\t\t\t\t\t<\/div>\n\t\t<\/section>\n\t\t\t\t<section data-particle_enable=\"false\" data-particle-mobile-disabled=\"false\" class=\"elementor-section elementor-top-section elementor-element elementor-element-54012c2 elementor-section-height-min-height elementor-section-content-middle elementor-section-items-stretch elementor-reverse-tablet elementor-reverse-mobile elementor-section-boxed elementor-section-height-default\" data-id=\"54012c2\" data-element_type=\"section\">\n\t\t\t\t\t\t<div class=\"elementor-container elementor-column-gap-default\">\n\t\t\t\t\t<div class=\"elementor-column elementor-col-50 elementor-top-column elementor-element elementor-element-5e3da05\" data-id=\"5e3da05\" data-element_type=\"column\">\n\t\t\t<div class=\"elementor-widget-wrap elementor-element-populated\">\n\t\t\t\t\t\t<div class=\"elementor-element elementor-element-446e745 elementor-widget elementor-widget-heading\" data-id=\"446e745\" data-element_type=\"widget\" data-widget_type=\"heading.default\">\n\t\t\t\t<div class=\"elementor-widget-container\">\n\t\t\t\t\t<h4 class=\"elementor-heading-title elementor-size-default\">CHEF EJECUTIVO<\/h4>\t\t\t\t<\/div>\n\t\t\t\t<\/div>\n\t\t\t\t<div class=\"elementor-element elementor-element-e9fc66f elementor-widget elementor-widget-heading\" data-id=\"e9fc66f\" data-element_type=\"widget\" data-widget_type=\"heading.default\">\n\t\t\t\t<div class=\"elementor-widget-container\">\n\t\t\t\t\t<h2 class=\"elementor-heading-title elementor-size-default\">HENRY HO<\/h2>\t\t\t\t<\/div>\n\t\t\t\t<\/div>\n\t\t\t\t<div class=\"elementor-element elementor-element-af04e0d elementor-widget-divider--view-line elementor-widget elementor-widget-divider\" data-id=\"af04e0d\" data-element_type=\"widget\" data-widget_type=\"divider.default\">\n\t\t\t\t<div class=\"elementor-widget-container\">\n\t\t\t\t\t\t\t<div class=\"elementor-divider\">\n\t\t\t<span class=\"elementor-divider-separator\">\n\t\t\t\t\t\t<\/span>\n\t\t<\/div>\n\t\t\t\t\t\t<\/div>\n\t\t\t\t<\/div>\n\t\t\t\t<div class=\"elementor-element elementor-element-419d0d8 elementor-widget elementor-widget-text-editor\" data-id=\"419d0d8\" data-element_type=\"widget\" data-widget_type=\"text-editor.default\">\n\t\t\t\t<div class=\"elementor-widget-container\">\n\t\t\t\t\t\t\t\t\t<p>Henry naci\u00f3 en Hong Kong y creci\u00f3 en el Valle de San Gabriel de Los \u00c1ngeles. Despu\u00e9s de haber vivido all\u00ed la mayor parte de su vida, en 2016 decidi\u00f3 mudarse a su destino favorito en el mundo, Puerto Vallarta.<\/p><p>Aunque la vida es incre\u00edble en Puerto Vallarta, algo que faltaba era la comida con la que creci\u00f3 y estaba decidido a ser quien la trajera a este pueblo costero.<\/p><p>Armado con su pasi\u00f3n por la cocina y capacit\u00e1ndose en New School of Cooking de Culver City, California, comenz\u00f3 a desarrollar el concepto y las recetas del restaurante durante la pandemia. Cuatro a\u00f1os despu\u00e9s, finalmente est\u00e1 listo para presentarle a Puerto Vallarta la aut\u00e9ntica cocina cantonesa y de Hong Kong.<\/p><p>Antes de Canto, Henry tuvo una firma boutique de marketing y dise\u00f1o gr\u00e1fico con sede en Los \u00c1ngeles durante m\u00e1s de veinte a\u00f1os.<\/p>\t\t\t\t\t\t\t\t<\/div>\n\t\t\t\t<\/div>\n\t\t\t\t\t<\/div>\n\t\t<\/div>\n\t\t\t\t<div class=\"elementor-column elementor-col-50 elementor-top-column elementor-element elementor-element-e5cb179\" data-id=\"e5cb179\" data-element_type=\"column\" data-settings=\"{&quot;background_background&quot;:&quot;classic&quot;}\">\n\t\t\t<div class=\"elementor-widget-wrap elementor-element-populated\">\n\t\t\t\t\t\t<div class=\"elementor-element elementor-element-29e165f elementor-widget elementor-widget-spacer\" data-id=\"29e165f\" data-element_type=\"widget\" data-widget_type=\"spacer.default\">\n\t\t\t\t<div class=\"elementor-widget-container\">\n\t\t\t\t\t\t\t<div class=\"elementor-spacer\">\n\t\t\t<div class=\"elementor-spacer-inner\"><\/div>\n\t\t<\/div>\n\t\t\t\t\t\t<\/div>\n\t\t\t\t<\/div>\n\t\t\t\t\t<\/div>\n\t\t<\/div>\n\t\t\t\t\t<\/div>\n\t\t<\/section>\n\t\t\t\t<section data-particle_enable=\"false\" data-particle-mobile-disabled=\"false\" class=\"elementor-section elementor-top-section elementor-element elementor-element-38d2552 elementor-section-height-min-height elementor-section-content-middle elementor-section-items-stretch elementor-section-boxed elementor-section-height-default\" data-id=\"38d2552\" data-element_type=\"section\">\n\t\t\t\t\t\t<div class=\"elementor-container elementor-column-gap-default\">\n\t\t\t\t\t<div class=\"elementor-column elementor-col-50 elementor-top-column elementor-element elementor-element-7799e604\" data-id=\"7799e604\" data-element_type=\"column\" data-settings=\"{&quot;background_background&quot;:&quot;classic&quot;}\">\n\t\t\t<div class=\"elementor-widget-wrap elementor-element-populated\">\n\t\t\t\t\t\t<div class=\"elementor-element elementor-element-34988cbe elementor-widget elementor-widget-spacer\" data-id=\"34988cbe\" data-element_type=\"widget\" data-widget_type=\"spacer.default\">\n\t\t\t\t<div class=\"elementor-widget-container\">\n\t\t\t\t\t\t\t<div class=\"elementor-spacer\">\n\t\t\t<div class=\"elementor-spacer-inner\"><\/div>\n\t\t<\/div>\n\t\t\t\t\t\t<\/div>\n\t\t\t\t<\/div>\n\t\t\t\t\t<\/div>\n\t\t<\/div>\n\t\t\t\t<div class=\"elementor-column elementor-col-50 elementor-top-column elementor-element elementor-element-127a3bdb\" data-id=\"127a3bdb\" data-element_type=\"column\">\n\t\t\t<div class=\"elementor-widget-wrap elementor-element-populated\">\n\t\t\t\t\t\t<div class=\"elementor-element elementor-element-3ab7213b elementor-widget elementor-widget-heading\" data-id=\"3ab7213b\" data-element_type=\"widget\" data-widget_type=\"heading.default\">\n\t\t\t\t<div class=\"elementor-widget-container\">\n\t\t\t\t\t<h4 class=\"elementor-heading-title elementor-size-default\">DIRECTOR DE HOSPITALIDAD<\/h4>\t\t\t\t<\/div>\n\t\t\t\t<\/div>\n\t\t\t\t<div class=\"elementor-element elementor-element-209bdbe3 elementor-widget elementor-widget-heading\" data-id=\"209bdbe3\" data-element_type=\"widget\" data-widget_type=\"heading.default\">\n\t\t\t\t<div class=\"elementor-widget-container\">\n\t\t\t\t\t<h2 class=\"elementor-heading-title elementor-size-default\">JEREMY REIGEL<\/h2>\t\t\t\t<\/div>\n\t\t\t\t<\/div>\n\t\t\t\t<div class=\"elementor-element elementor-element-750ea908 elementor-widget-divider--view-line elementor-widget elementor-widget-divider\" data-id=\"750ea908\" data-element_type=\"widget\" data-widget_type=\"divider.default\">\n\t\t\t\t<div class=\"elementor-widget-container\">\n\t\t\t\t\t\t\t<div class=\"elementor-divider\">\n\t\t\t<span class=\"elementor-divider-separator\">\n\t\t\t\t\t\t<\/span>\n\t\t<\/div>\n\t\t\t\t\t\t<\/div>\n\t\t\t\t<\/div>\n\t\t\t\t<div class=\"elementor-element elementor-element-53f1196d elementor-widget elementor-widget-text-editor\" data-id=\"53f1196d\" data-element_type=\"widget\" data-widget_type=\"text-editor.default\">\n\t\t\t\t<div class=\"elementor-widget-container\">\n\t\t\t\t\t\t\t\t\t<p>Jeremy es nativo de Los \u00c1ngeles y tambi\u00e9n vivi\u00f3 en el norte de California, Kansas City y, m\u00e1s recientemente, Dallas antes de mudarse a Puerto Vallarta.<\/p><p>Visit\u00f3 Puerto Vallarta de vacaciones en 2018 e inmediatamente se enamor\u00f3 de la ciudad. Despu\u00e9s de conocer a Henry en ese mismo viaje, fue una decisi\u00f3n f\u00e1cil para \u00e9l mudarse aqu\u00ed para estar con \u00e9l y vivir en este lugar m\u00e1gico.<\/p><p>Con su experiencia en la industria de restaurantes y su devoci\u00f3n por garantizar que los hu\u00e9spedes tuvieran experiencias memorables, era natural que Jeremy estuviera a cargo de las operaciones de recepci\u00f3n del restaurante. Adem\u00e1s, nuestro men\u00fa de c\u00f3cteles especiales fue desarrollado por \u00e9l.<\/p><p>Adem\u00e1s de Canto, Jeremy administra las operaciones diarias de nuestros alquileres vacacionales, C\u00e1rdenas Suites, donde atiende las necesidades de nuestros hu\u00e9spedes y se asegura de que se sientan como en familia y de que todo funcione sin problemas.\u00a0<\/p>\t\t\t\t\t\t\t\t<\/div>\n\t\t\t\t<\/div>\n\t\t\t\t\t<\/div>\n\t\t<\/div>\n\t\t\t\t\t<\/div>\n\t\t<\/section>\n\t\t\t\t<\/div>","protected":false},"excerpt":{"rendered":"<p>FROM HONG KONG TO PUERTO VALLARTA Canto is an award-winning restaurant in Puerto Vallarta celebrating Hong Kong and Cantonese cuisines by Henry Ho and Jeremy Reigel. Canto, short for Cantonese and also meaning song in Spanish, aims to bring something unique and different to Puerto Vallarta. Offering a selection of dim sum, American and Canadian [&hellip;]<\/p>","protected":false},"author":1,"featured_media":0,"parent":0,"menu_order":0,"comment_status":"closed","ping_status":"closed","template":"elementor_header_footer","meta":{"_acf_changed":false,"footnotes":""},"class_list":["post-97","page","type-page","status-publish","hentry"],"acf":[],"_links":{"self":[{"href":"https:\/\/cantopv.com\/es\/wp-json\/wp\/v2\/pages\/97","targetHints":{"allow":["GET"]}}],"collection":[{"href":"https:\/\/cantopv.com\/es\/wp-json\/wp\/v2\/pages"}],"about":[{"href":"https:\/\/cantopv.com\/es\/wp-json\/wp\/v2\/types\/page"}],"author":[{"embeddable":true,"href":"https:\/\/cantopv.com\/es\/wp-json\/wp\/v2\/users\/1"}],"replies":[{"embeddable":true,"href":"https:\/\/cantopv.com\/es\/wp-json\/wp\/v2\/comments?post=97"}],"version-history":[{"count":5,"href":"https:\/\/cantopv.com\/es\/wp-json\/wp\/v2\/pages\/97\/revisions"}],"predecessor-version":[{"id":1201,"href":"https:\/\/cantopv.com\/es\/wp-json\/wp\/v2\/pages\/97\/revisions\/1201"}],"wp:attachment":[{"href":"https:\/\/cantopv.com\/es\/wp-json\/wp\/v2\/media?parent=97"}],"curies":[{"name":"wp","href":"https:\/\/api.w.org\/{rel}","templated":true}]}}